{"id":11,"date":"2026-01-16T10:31:15","date_gmt":"2026-01-16T10:31:15","guid":{"rendered":"https:\/\/vidabf.com\/?page_id=11"},"modified":"2026-03-23T15:17:48","modified_gmt":"2026-03-23T15:17:48","slug":"temporal","status":"publish","type":"page","link":"https:\/\/vidabf.com\/","title":{"rendered":"Temporal"},"content":{"rendered":"\t\t<div data-elementor-type=\"wp-page\" data-elementor-id=\"11\" class=\"elementor elementor-11\" data-elementor-post-type=\"page\">\n\t\t\t\t<div class=\"elementor-element elementor-element-686b760 e-flex e-con-boxed e-con e-parent\" data-id=\"686b760\" data-element_type=\"container\" data-settings=\"{&quot;background_background&quot;:&quot;classic&quot;}\">\n\t\t\t\t\t<div class=\"e-con-inner\">\n\t\t\t\t<div class=\"elementor-element elementor-element-6c1d5bb elementor-widget elementor-widget-image\" data-id=\"6c1d5bb\" data-element_type=\"widget\" data-widget_type=\"image.default\">\n\t\t\t\t\t\t\t\t\t\t\t\t\t\t\t<img fetchpriority=\"high\" decoding=\"async\" width=\"864\" height=\"518\" src=\"https:\/\/vidabf.com\/wp-content\/uploads\/2026\/01\/AF-logotipo-vidabrands.png\" class=\"attachment-large size-large wp-image-47\" alt=\"\" srcset=\"https:\/\/vidabf.com\/wp-content\/uploads\/2026\/01\/AF-logotipo-vidabrands.png 864w, https:\/\/vidabf.com\/wp-content\/uploads\/2026\/01\/AF-logotipo-vidabrands-300x180.png 300w, https:\/\/vidabf.com\/wp-content\/uploads\/2026\/01\/AF-logotipo-vidabrands-768x460.png 768w\" sizes=\"(max-width: 864px) 100vw, 864px\" \/>\t\t\t\t\t\t\t\t\t\t\t\t\t\t\t<\/div>\n\t\t\t\t\t<\/div>\n\t\t\t\t<\/div>\n\t\t<div class=\"elementor-element elementor-element-ba42e86 e-flex e-con-boxed e-con e-parent\" data-id=\"ba42e86\" data-element_type=\"container\" data-settings=\"{&quot;background_background&quot;:&quot;classic&quot;}\">\n\t\t\t\t\t<div class=\"e-con-inner\">\n\t\t<div class=\"elementor-element elementor-element-827d52b e-con-full e-flex e-con e-child\" data-id=\"827d52b\" data-element_type=\"container\" data-settings=\"{&quot;background_background&quot;:&quot;classic&quot;}\">\n\t\t\t\t<div class=\"elementor-element elementor-element-11f313d elementor-widget elementor-widget-image\" data-id=\"11f313d\" data-element_type=\"widget\" data-widget_type=\"image.default\">\n\t\t\t\t\t\t\t\t\t\t\t\t\t\t\t\t<a href=\"https:\/\/frummys.com\/\">\n\t\t\t\t\t\t\t<img decoding=\"async\" width=\"1024\" height=\"1024\" src=\"https:\/\/vidabf.com\/wp-content\/uploads\/2026\/03\/pack-productos-frummys-v2-20260323-1-1024x1024.png\" class=\"attachment-large size-large wp-image-104\" alt=\"\" srcset=\"https:\/\/vidabf.com\/wp-content\/uploads\/2026\/03\/pack-productos-frummys-v2-20260323-1-1024x1024.png 1024w, https:\/\/vidabf.com\/wp-content\/uploads\/2026\/03\/pack-productos-frummys-v2-20260323-1-300x300.png 300w, https:\/\/vidabf.com\/wp-content\/uploads\/2026\/03\/pack-productos-frummys-v2-20260323-1-150x150.png 150w, https:\/\/vidabf.com\/wp-content\/uploads\/2026\/03\/pack-productos-frummys-v2-20260323-1-768x768.png 768w, https:\/\/vidabf.com\/wp-content\/uploads\/2026\/03\/pack-productos-frummys-v2-20260323-1-1536x1536.png 1536w, https:\/\/vidabf.com\/wp-content\/uploads\/2026\/03\/pack-productos-frummys-v2-20260323-1.png 1800w\" sizes=\"(max-width: 1024px) 100vw, 1024px\" \/>\t\t\t\t\t\t\t\t<\/a>\n\t\t\t\t\t\t\t\t\t\t\t\t\t\t\t<\/div>\n\t\t\t\t<div class=\"elementor-element elementor-element-ed6f8ce elementor-widget elementor-widget-heading\" data-id=\"ed6f8ce\" data-element_type=\"widget\" data-widget_type=\"heading.default\">\n\t\t\t\t\t<h2 class=\"elementor-heading-title elementor-size-default\"><a href=\"https:\/\/frummys.com\/\">FRUMMYS<\/a><\/h2>\t\t\t\t<\/div>\n\t\t\t\t<div class=\"elementor-element elementor-element-881fad3 elementor-widget elementor-widget-text-editor\" data-id=\"881fad3\" data-element_type=\"widget\" data-widget_type=\"text-editor.default\">\n\t\t\t\t\t\t\t\t\t<p>Snacks Saludables de Fruta &amp; Verdura<\/p>\t\t\t\t\t\t\t\t<\/div>\n\t\t\t\t<div class=\"elementor-element elementor-element-b6d5537 elementor-align-center elementor-widget elementor-widget-button\" data-id=\"b6d5537\" data-element_type=\"widget\" data-widget_type=\"button.default\">\n\t\t\t\t\t\t\t\t\t\t<a class=\"elementor-button elementor-button-link elementor-size-sm\" href=\"https:\/\/frummys.com\/\">\n\t\t\t\t\t\t<span class=\"elementor-button-content-wrapper\">\n\t\t\t\t\t\t\t\t\t<span class=\"elementor-button-text\">VISITA frummys.com<\/span>\n\t\t\t\t\t<\/span>\n\t\t\t\t\t<\/a>\n\t\t\t\t\t\t\t\t<\/div>\n\t\t\t\t<\/div>\n\t\t<div class=\"elementor-element elementor-element-e6dad5c e-con-full e-flex e-con e-child\" data-id=\"e6dad5c\" data-element_type=\"container\">\n\t\t\t\t<div class=\"elementor-element elementor-element-59f30ff elementor-widget elementor-widget-image\" data-id=\"59f30ff\" data-element_type=\"widget\" data-widget_type=\"image.default\">\n\t\t\t\t\t\t\t\t\t\t\t\t\t\t\t\t<a href=\"https:\/\/frummys.com\/\">\n\t\t\t\t\t\t\t<img decoding=\"async\" width=\"1024\" height=\"1024\" src=\"https:\/\/vidabf.com\/wp-content\/uploads\/2026\/03\/logotipo-fruvia-20260323-1024x1024.png\" class=\"attachment-large size-large wp-image-105\" alt=\"\" srcset=\"https:\/\/vidabf.com\/wp-content\/uploads\/2026\/03\/logotipo-fruvia-20260323-1024x1024.png 1024w, https:\/\/vidabf.com\/wp-content\/uploads\/2026\/03\/logotipo-fruvia-20260323-300x300.png 300w, https:\/\/vidabf.com\/wp-content\/uploads\/2026\/03\/logotipo-fruvia-20260323-150x150.png 150w, https:\/\/vidabf.com\/wp-content\/uploads\/2026\/03\/logotipo-fruvia-20260323-768x768.png 768w, https:\/\/vidabf.com\/wp-content\/uploads\/2026\/03\/logotipo-fruvia-20260323-1536x1536.png 1536w, https:\/\/vidabf.com\/wp-content\/uploads\/2026\/03\/logotipo-fruvia-20260323.png 1800w\" sizes=\"(max-width: 1024px) 100vw, 1024px\" \/>\t\t\t\t\t\t\t\t<\/a>\n\t\t\t\t\t\t\t\t\t\t\t\t\t\t\t<\/div>\n\t\t\t\t<div class=\"elementor-element elementor-element-ed99d7a elementor-widget elementor-widget-heading\" data-id=\"ed99d7a\" data-element_type=\"widget\" data-widget_type=\"heading.default\">\n\t\t\t\t\t<h2 class=\"elementor-heading-title elementor-size-default\">FR\u00dcVIA<\/h2>\t\t\t\t<\/div>\n\t\t\t\t<div class=\"elementor-element elementor-element-9b903e4 elementor-widget elementor-widget-text-editor\" data-id=\"9b903e4\" data-element_type=\"widget\" data-widget_type=\"text-editor.default\">\n\t\t\t\t\t\t\t\t\t<p>\u00abFruta en su expresi\u00f3n m\u00e1s elevada\u00bb<\/p>\t\t\t\t\t\t\t\t<\/div>\n\t\t\t\t<div class=\"elementor-element elementor-element-54caf1d elementor-widget elementor-widget-text-editor\" data-id=\"54caf1d\" data-element_type=\"widget\" data-widget_type=\"text-editor.default\">\n\t\t\t\t\t\t\t\t\t<p>PR\u00d3XIMAMENTE<\/p>\t\t\t\t\t\t\t\t<\/div>\n\t\t\t\t<\/div>\n\t\t\t\t\t<\/div>\n\t\t\t\t<\/div>\n\t\t<div class=\"elementor-element elementor-element-a76063d e-flex e-con-boxed e-con e-parent\" data-id=\"a76063d\" data-element_type=\"container\" data-settings=\"{&quot;background_background&quot;:&quot;classic&quot;}\">\n\t\t\t\t\t<div class=\"e-con-inner\">\n\t\t\t\t<div class=\"elementor-element elementor-element-3263b5b elementor-widget elementor-widget-text-editor\" data-id=\"3263b5b\" data-element_type=\"widget\" data-widget_type=\"text-editor.default\">\n\t\t\t\t\t\t\t\t\t<p>M\u00c1S INFORMACI\u00d3N<\/p><p><a href=\"mailto:info@vidabf.com\">info@vidabf.com<\/a><\/p>\t\t\t\t\t\t\t\t<\/div>\n\t\t\t\t\t<\/div>\n\t\t\t\t<\/div>\n\t\t\t\t<\/div>\n\t\t","protected":false},"excerpt":{"rendered":"<p>FRUMMYS Snacks Saludables de Fruta &amp; Verdura VISITA frummys.com FR\u00dcVIA \u00abFruta en su expresi\u00f3n m\u00e1s elevada\u00bb PR\u00d3XIMAMENTE M\u00c1S INFORMACI\u00d3N info@vidabf.com<\/p>\n","protected":false},"author":1,"featured_media":0,"parent":0,"menu_order":0,"comment_status":"closed","ping_status":"closed","template":"","meta":{"site-sidebar-layout":"no-sidebar","site-content-layout":"","ast-site-content-layout":"full-width-container","site-content-style":"default","site-sidebar-style":"default","ast-global-header-display":"disabled","ast-banner-title-visibility":"","ast-main-header-display":"","ast-hfb-above-header-display":"","ast-hfb-below-header-display":"","ast-hfb-mobile-header-display":"","site-post-title":"disabled","ast-breadcrumbs-content":"","ast-featured-img":"disabled","footer-sml-layout":"disabled","ast-disable-related-posts":"","theme-transparent-header-meta":"","adv-header-id-meta":"","stick-header-meta":"","header-above-stick-meta":"","header-main-stick-meta":"","header-below-stick-meta":"","astra-migrate-meta-layouts":"default","ast-page-background-enabled":"default","ast-page-background-meta":{"desktop":{"background-color":"var(--ast-global-color-5)","background-image":"","background-repeat":"repeat","background-position":"center center","background-size":"auto","background-attachment":"scroll","background-type":"","background-media":"","overlay-type":"","overlay-color":"","overlay-opacity":"","overlay-gradient":""},"tablet":{"background-color":"","background-image":"","background-repeat":"repeat","background-position":"center center","background-size":"auto","background-attachment":"scroll","background-type":"","background-media":"","overlay-type":"","overlay-color":"","overlay-opacity":"","overlay-gradient":""},"mobile":{"background-color":"","background-image":"","background-repeat":"repeat","background-position":"center center","background-size":"auto","background-attachment":"scroll","background-type":"","background-media":"","overlay-type":"","overlay-color":"","overlay-opacity":"","overlay-gradient":""}},"ast-content-background-meta":{"desktop":{"background-color":"var(--ast-global-color-4)","background-image":"","background-repeat":"repeat","background-position":"center center","background-size":"auto","background-attachment":"scroll","background-type":"","background-media":"","overlay-type":"","overlay-color":"","overlay-opacity":"","overlay-gradient":""},"tablet":{"background-color":"var(--ast-global-color-4)","background-image":"","background-repeat":"repeat","background-position":"center center","background-size":"auto","background-attachment":"scroll","background-type":"","background-media":"","overlay-type":"","overlay-color":"","overlay-opacity":"","overlay-gradient":""},"mobile":{"background-color":"var(--ast-global-color-4)","background-image":"","background-repeat":"repeat","background-position":"center center","background-size":"auto","background-attachment":"scroll","background-type":"","background-media":"","overlay-type":"","overlay-color":"","overlay-opacity":"","overlay-gradient":""}},"footnotes":""},"class_list":["post-11","page","type-page","status-publish","hentry"],"_links":{"self":[{"href":"https:\/\/vidabf.com\/index.php?rest_route=\/wp\/v2\/pages\/11","targetHints":{"allow":["GET"]}}],"collection":[{"href":"https:\/\/vidabf.com\/index.php?rest_route=\/wp\/v2\/pages"}],"about":[{"href":"https:\/\/vidabf.com\/index.php?rest_route=\/wp\/v2\/types\/page"}],"author":[{"embeddable":true,"href":"https:\/\/vidabf.com\/index.php?rest_route=\/wp\/v2\/users\/1"}],"replies":[{"embeddable":true,"href":"https:\/\/vidabf.com\/index.php?rest_route=%2Fwp%2Fv2%2Fcomments&post=11"}],"version-history":[{"count":85,"href":"https:\/\/vidabf.com\/index.php?rest_route=\/wp\/v2\/pages\/11\/revisions"}],"predecessor-version":[{"id":138,"href":"https:\/\/vidabf.com\/index.php?rest_route=\/wp\/v2\/pages\/11\/revisions\/138"}],"wp:attachment":[{"href":"https:\/\/vidabf.com\/index.php?rest_route=%2Fwp%2Fv2%2Fmedia&parent=11"}],"curies":[{"name":"wp","href":"https:\/\/api.w.org\/{rel}","templated":true}]}}